{"id":32,"date":"2025-12-23T12:09:46","date_gmt":"2025-12-23T12:09:46","guid":{"rendered":"https:\/\/conf2026.eaeeie.org\/?page_id=32"},"modified":"2026-01-24T14:52:59","modified_gmt":"2026-01-24T12:52:59","slug":"committees","status":"publish","type":"page","link":"https:\/\/conf2026.eaeeie.org\/?page_id=32","title":{"rendered":"COMMITTEES"},"content":{"rendered":"\n<p class=\"has-text-align-center\"><\/p>\n\n\n\n<h2 class=\"wp-block-heading has-text-align-center has-vivid-red-color has-text-color has-link-color wp-elements-5e50ef148be51d7b855614f4514ff369\">CONFERENCE GENERAL CHAIR<\/h2>\n\n\n\n<p class=\"has-text-align-center\"><strong>Plamen Zahariev<\/strong> &#8211; University of Ruse \u201cAngel Kanchev\u201d (Bulgaria) &amp; President of EAEEIE<\/p>\n\n\n\n<h2 class=\"wp-block-heading\"><\/h2>\n\n\n\n<h2 class=\"wp-block-heading\"><\/h2>\n\n\n\n<h2 class=\"wp-block-heading has-text-align-center has-vivid-red-color has-text-color has-link-color wp-elements-dce93a44e95cc1a8efa4e3a4fd1a8644\">CONFERENCE HONORARY CHAIRPERSONS<\/h2>\n\n\n\n<p class=\"has-text-align-center\"><strong>Hristo Beloev<\/strong> &#8211; University of Ruse \u201cAngel Kanchev\u201d (Bulgaria) &amp; Chairman of the Scientific University of Ruse (Bulgaria)<br><strong>Desislava Atanasova<\/strong> &#8211; Rector of the University of Ruse &#8220;Angel Kanchev&#8221; (Bulgaria)<br><strong>Jaromir Hrad<\/strong> &#8211; Czech Technical University in Prague (Czech Republic) &amp; Former President of EAEEIE (2019-2025)<\/p>\n\n\n\n<h2 class=\"wp-block-heading\"><\/h2>\n\n\n\n<h2 class=\"wp-block-heading\"><\/h2>\n\n\n\n<h2 class=\"wp-block-heading has-text-align-center has-vivid-red-color has-text-color has-link-color wp-elements-c29724c2e6df0a7ef74b8ea28c4dc719\">CONFERENCE LOCAL ORGANIZING COMMITTEE<\/h2>\n\n\n\n<p class=\"has-text-align-center\"><strong>Georgi Hristov<\/strong> &#8211; University of Ruse &#8220;Angel Kanchev&#8221; (Bulgaria)<br><strong>Nina Bencheva<\/strong> &#8211; University of Ruse &#8220;Angel Kanchev&#8221; (Bulgaria)<br><strong>Ioana Ruseva<\/strong> &#8211; University of Ruse &#8220;Angel Kanchev&#8221; (Bulgaria)<br><strong>Diyana Kinaneva<\/strong> &#8211; University of Ruse &#8220;Angel Kanchev&#8221; (Bulgaria)<br><strong>Georgi Georgiev<\/strong> &#8211; University of Ruse &#8220;Angel Kanchev&#8221; (Bulgaria)<\/p>\n\n\n\n<h2 class=\"wp-block-heading\"><\/h2>\n\n\n\n<h2 class=\"wp-block-heading\"><\/h2>\n\n\n\n<h2 class=\"wp-block-heading has-text-align-center has-vivid-red-color has-text-color has-link-color wp-elements-7e2b6ee17c538d325efdb2ba1d8e9b1c\">CONFERENCE STEERING COMMITTEE<\/h2>\n\n\n\n<p class=\"has-text-align-center\"><strong>Plamen Zahariev<\/strong> &#8211; EAEEIE &amp; University of Ruse &#8220;Angel Kanchev&#8221; (Bulgaria)<br><strong>\u041carko H\u00f6lbl <\/strong>&#8211; EAEEIE &amp; University of Maribor (Slovenia)<br><strong>Denis Genon-Catalot <\/strong>&#8211; EAEEIE &amp; Grenoble Alpes University (France)<br><strong>Karl S\u00f6lvi Gu\u00f0mundsson<\/strong> &#8211; EAEEIE &amp; University of Iceland (Iceland)<br><strong>Hamed Yahoui<\/strong> &#8211; EAEEIE &amp; Universit\u00e9 Claude Bernard Lyon 1 (France)<br><strong>Anthony E. Ward<\/strong> &#8211; EAEEIE &amp; University of York (United Kingdom)<br><strong>Jean-Marc Thiriet<\/strong> &#8211; EAEEIE &amp; Grenoble Alpes University (France)<br><strong>Olivier Bonnaud<\/strong> &#8211; EAEEIE &amp; University of Rennes 1 (France)<br><strong>Todor Ganchev<\/strong> &#8211; IEEE Bulgaria Section &amp; Technical University of Varna<br><strong>Valentina Markova<\/strong> &#8211; IEEE Bulgaria Section &amp; Technical University of Varna (Bulgaria) <br><strong>Hristo Beloev<\/strong> &#8211; Scientific University of Ruse &amp; University of Ruse \u201cAngel Kanchev\u201d (Bulgaria)<br><strong>Desislava Atanasova<\/strong> &#8211; University of Ruse &#8220;Angel Kanchev&#8221; (Bulgaria)<br><strong>Georgi Hristov<\/strong> &#8211; Scientific University of Ruse &amp; University of Ruse &#8220;Angel Kanchev&#8221; (Bulgaria)<br><strong>Nina Bencheva<\/strong> &#8211; University of Ruse \u201cAngel Kanchev\u201d (Bulgaria)<\/p>\n\n\n\n<h2 class=\"wp-block-heading\"><\/h2>\n\n\n\n<h2 class=\"wp-block-heading\"><\/h2>\n\n\n\n<h2 class=\"wp-block-heading has-text-align-center has-vivid-red-color has-text-color has-link-color wp-elements-2de045ffe5ef87500469279229c2797d\">TECHNICAL PROGRAM COMMITTEE<\/h2>\n\n\n\n<p class=\"has-text-align-center\"><strong>Aharon Gero<\/strong> &#8211; Technion (Israel)<br><strong>Andrzej Wac-W\u0142odarczyk<\/strong> &#8211; Lublin University of Technology (Poland)<br><strong>Anna Friesel<\/strong> &#8211; Technical University of Denmark (Denmark)<br><strong>Anthony E. Ward<\/strong> &#8211; University of York (United Kingdom)<br><strong>Carlos Ferreira<\/strong> &#8211; Coimbra Institute of Engineering (Portugal)<br><strong>Carsten Helgesen<\/strong> &#8211; Western Norway University of Applied Sciences (Norway)<br><strong>Chayapol Kamyod<\/strong> &#8211; Mae Fah Luang University (Thailand)<br><strong>Dante Augusto Barone<\/strong> &#8211; Universidade Federal do Rio Grande do Sul (Brasil)<br><strong>Darius Andriukaitis<\/strong> &#8211; Kaunas University of Technology (Lithuania)<br><strong>Denis Genon-Catalot<\/strong> &#8211; Universit\u00e9 Grenoble Alpes (France)<br><strong>Desislava Atanasova<\/strong> &#8211; University of Ruse &#8220;Angel Kanchev&#8221; (Bulgaria)<br><strong>Dorian Cojocaru<\/strong> &#8211; University of Craiova (Romania)<br><strong>Dorin Popescu<\/strong> &#8211; University of Craiova (Romania)<br><strong>Fernando Lopes<\/strong> &#8211; Coimbra Institute of Engineering (Portugal)<br><strong>Fernando Pires Maciel Barbosa<\/strong> &#8211; University of Porto (Portugal)<br><strong>Georgi Hristov<\/strong> &#8211; University of Ruse &#8220;Angel Kanchev&#8221; (Bulgaria)<br><strong>Georgios Tsirigotis<\/strong> &#8211; International Hellenic University (Greece)<br><strong>Gert Jervan<\/strong> &#8211; Tallinn University of Technology (Estonia)<br><strong>Giorgos Papadourakis<\/strong> &#8211; Hellenic Mediterranean University (Greece)<br><strong>Hamed Yahoui<\/strong> &#8211; Universit\u00e9 Claude Bernard Lyon 1 (France)<br><strong>H\u00e9l\u00e8ne Fr\u00e9mont<\/strong> &#8211; University of Bordeaux (France)<br><strong>Helgi Thorbergsson<\/strong> &#8211; University of Iceland (Iceland)<br><strong>Hristo Beloev<\/strong> &#8211; University of Ruse \u201cAngel Kanchev\u201d (Bulgaria)<br><strong>Ian Grout<\/strong> &#8211; University of Limerick (Republic of Ireland)<br><strong>In\u00e1cio Fonseca<\/strong> &#8211; Coimbra Institute of Engineering (Portugal)<br><strong>Ismo Hakala<\/strong> &#8211; University of Jyv\u00e4skyl\u00e4 (Finland)<br><strong>Ivan Beloev<\/strong> &#8211; University of Ruse \u201cAngel Kanchev\u201d (Bulgaria) <br><strong>Jarom\u00edr Hrad<\/strong> &#8211; Czech Technical University in Prague (Czech Republic)<br><strong>Jean-Marc Thiriet<\/strong> &#8211; Grenoble Alpes University (France)<br><strong>Josef Hynek<\/strong> &#8211; University of Hradec Kralove (Czech Republic)<br><strong>Jos\u00e9-V. Benlloch-Dualde<\/strong> &#8211; Universitat Polit\u00e8cnica de Val\u00e8ncia (Spain)<br><strong>Juan Carlos Burguillo-Rial<\/strong> &#8211; University of Vigo (Spain)<br><strong>Juraj \u010eu\u010f\u00e1k<\/strong> &#8211; Slovak University of Technology in Bratislava (Slovakia)<br><strong>Karl S\u00f6lvi Gu\u00f0mundsson<\/strong> &#8211; University of Iceland (Iceland)<br><strong>Laura Grindei<\/strong> &#8211; Technical University of Cluj-Napoca (Romania)<br><strong>Laure Petrucci<\/strong> &#8211; University Paris 13\/CNRS (France)<br><strong>Lenka Lhotsk\u00e1<\/strong> &#8211; Technical University in Prague (Czech Republic)<br><strong>Manoharan (Mano) Sathiamoorthy<\/strong> &#8211; University of Auckland (New Zealand)<br><strong>Markus Voss<\/strong> &#8211; Duale Hochschule Baden-W\u00fcrttemberg (Germany)<br><strong>Maria Jo\u00e3o Martins<\/strong> &#8211; Military Academy, Lisboa (Portugal)<br><strong>Marian Poboroniuc<\/strong> &#8211; Technical University of Ia\u015fi (Romania)<br><strong>\u041carko H\u00f6lbl<\/strong> &#8211; University of Maribor (Slovenia)<br><strong>Mikko Myllym\u00e4ki<\/strong> &#8211; University of Jyv\u00e4skyl\u00e4 (Finland)<br><strong>Nico van der Aa<\/strong> &#8211; Fontys University of Applied Sciences (Netherlands)<br><strong>Nina Bencheva<\/strong> &#8211; University of Ruse &#8220;Angel Kanchev&#8221; (Bulgaria)<br><strong>Olga Timcenko<\/strong> &#8211; Aalborg University Copenhagen (Denmark)<br><strong>Olivier Bonnaud<\/strong> &#8211; University of Rennes 1 (France)<br><strong>Petr Matou\u0161ek <\/strong>&#8211; Brno University of Technology (Czech Republic)<br><strong>Plamen Zahariev<\/strong> &#8211; University of Ruse &#8220;Angel Kanchev&#8221; (Bulgaria)<br><strong>Punnarumol Temdee<\/strong> &#8211; Mae Fah Luang University (Thailand)<br><strong>Renato Rizzo<\/strong> &#8211; University of Naples Federico II (Italy)<br><strong>Roungsan Chaisricharoen<\/strong> &#8211; Mae Fah Luang University (Thailand)<br><strong>Saba Mylvaganam<\/strong> &#8211; University of South-Eastern Norway (Norway)<br><strong>Tar\u0131k K\u0131\u015fla<\/strong> &#8211; Ege University (Turkey)<br><strong>Tatjana Welzer<\/strong> &#8211; University of Maribor (Slovenia)<br><strong>Todor Ganchev<\/strong> &#8211; IEEE Bulgaria Section &amp; Technical University of Varna<br><strong>Tom\u00e1\u0161 Zeman<\/strong> &#8211; Czech Technical University in Prague (Czech Republic)<br><strong>Valentina Markova<\/strong> &#8211; IEEE Bulgaria Section &amp; Technical University of Varna (Bulgaria)<\/p>\n\n\n\n<p class=\"has-text-align-center\"><\/p>\n\n\n\n<p class=\"has-text-align-center\"><\/p>\n","protected":false},"excerpt":{"rendered":"<p>CONFERENCE GENERAL CHAIR Plamen Zahariev &#8211; University of Ruse \u201cAngel Kanchev\u201d (Bulgaria) &amp; President of EAEEIE CONFERENCE HONORARY CHAIRPERSONS Hristo Beloev &#8211; University of Ruse \u201cAngel Kanchev\u201d (Bulgaria) &amp; Chairman of the Scientific University of Ruse (Bulgaria)Desislava Atanasova &#8211; Rector of the University of Ruse &#8220;Angel Kanchev&#8221; (Bulgaria)Jaromir Hrad &#8211; Czech Technical University in Prague &hellip; <\/p>\n","protected":false},"author":1,"featured_media":0,"parent":0,"menu_order":0,"comment_status":"closed","ping_status":"closed","template":"","meta":{"footnotes":""},"class_list":["post-32","page","type-page","status-publish","hentry"],"_links":{"self":[{"href":"https:\/\/conf2026.eaeeie.org\/index.php?rest_route=\/wp\/v2\/pages\/32","targetHints":{"allow":["GET"]}}],"collection":[{"href":"https:\/\/conf2026.eaeeie.org\/index.php?rest_route=\/wp\/v2\/pages"}],"about":[{"href":"https:\/\/conf2026.eaeeie.org\/index.php?rest_route=\/wp\/v2\/types\/page"}],"author":[{"embeddable":true,"href":"https:\/\/conf2026.eaeeie.org\/index.php?rest_route=\/wp\/v2\/users\/1"}],"replies":[{"embeddable":true,"href":"https:\/\/conf2026.eaeeie.org\/index.php?rest_route=%2Fwp%2Fv2%2Fcomments&post=32"}],"version-history":[{"count":75,"href":"https:\/\/conf2026.eaeeie.org\/index.php?rest_route=\/wp\/v2\/pages\/32\/revisions"}],"predecessor-version":[{"id":479,"href":"https:\/\/conf2026.eaeeie.org\/index.php?rest_route=\/wp\/v2\/pages\/32\/revisions\/479"}],"wp:attachment":[{"href":"https:\/\/conf2026.eaeeie.org\/index.php?rest_route=%2Fwp%2Fv2%2Fmedia&parent=32"}],"curies":[{"name":"wp","href":"https:\/\/api.w.org\/{rel}","templated":true}]}}